{"id":44,"date":"2015-05-17T06:26:11","date_gmt":"2015-05-17T06:26:11","guid":{"rendered":"http:\/\/ahmad.works\/writing\/?page_id=44"},"modified":"2025-07-23T16:02:52","modified_gmt":"2025-07-23T13:02:52","slug":"about","status":"publish","type":"page","link":"https:\/\/www.hasangultekin.com\/tr\/about\/","title":{"rendered":"Merhaba, ben Hasan G\u00fcltekin"},"content":{"rendered":"<p><img loading=\"lazy\" decoding=\"async\" class=\"alignnone size-full wp-image-480\" src=\"https:\/\/hasangultekin.com\/wp-content\/uploads\/2023\/02\/profile-4.jpg\" alt=\"\" width=\"380\" height=\"380\" \/><\/p>\n<p data-start=\"234\" data-end=\"411\">Merhaba, ben <strong data-start=\"242\" data-end=\"260\">Hasan G\u00fcltekin<\/strong> - Web teknolojileri, pazarlama otomasyonu ve teknik optimizasyon alanlar\u0131nda 14 y\u0131l\u0131 a\u015fk\u0131n uygulamal\u0131 deneyime sahip bir Dijital Teknoloji Geli\u015ftirici Uzman\u0131.<\/p>\n<p data-start=\"413\" data-end=\"687\">Teknoloji yolculu\u011fum 2000'li y\u0131llar\u0131n ba\u015f\u0131nda, 56k modemin beni ke\u015ffetmeyi hi\u00e7 b\u0131rakmad\u0131\u011f\u0131m bir d\u00fcnyaya ba\u011flamas\u0131yla ba\u015flad\u0131. O zamandan bu yana, iki d\u00fcnya aras\u0131nda k\u00f6pr\u00fc kuran bir kariyer in\u015fa ettim. <strong data-start=\"592\" data-end=\"620\">teknoloji\u0307 ve pazarlama<\/strong>karma\u015f\u0131k sistemleri y\u00fcksek performansl\u0131 dijital deneyimlere d\u00f6n\u00fc\u015ft\u00fcrmek.<\/p>\n<p data-start=\"689\" data-end=\"770\">Kariyerim boyunca, a\u015fa\u011f\u0131dakiler de dahil olmak \u00fczere \u00e7ok \u00e7e\u015fitli disiplinlerde \u00e7al\u0131\u015ft\u0131m:<\/p>\n<ul data-start=\"771\" data-end=\"1184\">\n<li data-start=\"771\" data-end=\"855\">\n<p data-start=\"773\" data-end=\"855\"><strong data-start=\"773\" data-end=\"809\">Web geli\u015ftirme ve altyap\u0131<\/strong> (Magento, WordPress, WooCommerce, Opencart)<\/p>\n<\/li>\n<li data-start=\"856\" data-end=\"926\">\n<p data-start=\"858\" data-end=\"926\"><strong data-start=\"858\" data-end=\"885\">Dijital pazarlama &amp; CRO<\/strong> (SEO, Google Reklamlar\u0131, Mailchimp, Meta Reklamlar)<\/p>\n<\/li>\n<li data-start=\"927\" data-end=\"1007\">\n<p data-start=\"929\" data-end=\"1007\"><strong data-start=\"929\" data-end=\"955\">Otomasyon ve analitik<\/strong> (GA4, GTM, Marketo, \u00f6zel yap\u0131m yolculuk sistemleri)<\/p>\n<\/li>\n<li data-start=\"1008\" data-end=\"1082\">\n<p data-start=\"1010\" data-end=\"1082\"><strong data-start=\"1010\" data-end=\"1052\">Programlama ve teknik uygulama<\/strong> (PHP, JavaScript, HTML\/CSS)<\/p>\n<\/li>\n<li data-start=\"1083\" data-end=\"1184\">\n<p data-start=\"1085\" data-end=\"1184\"><strong data-start=\"1085\" data-end=\"1122\">DevOps ve performans optimizasyonu<\/strong> (Linux sunucu ayarlama, \u00f6nbellekleme, CDN, GTMetrix\/Core Web Vitals)<\/p>\n<\/li>\n<\/ul>\n<p data-start=\"1186\" data-end=\"1470\">\u0130n\u015fa etmekten gurur duyuyorum <strong data-start=\"1211\" data-end=\"1231\">\u00f6l\u00e7eklenebi\u0307li\u0307r si\u0307stemler<\/strong> sadece iyi \u00e7al\u0131\u015fan de\u011fil, ayn\u0131 zamanda <strong data-start=\"1269\" data-end=\"1287\">daha iyi d\u00f6n\u00fc\u015ft\u00fcr\u00fcn<\/strong>. \u0130ster bir Magento \u00f6deme ak\u0131\u015f\u0131n\u0131 optimize etmek, ister Marketo'da otomasyon tasarlamak veya GA4 ile huni takibini iyile\u015ftirmek olsun, her zorlu\u011fa \u00e7\u00f6z\u00fcm odakl\u0131 bir zihniyetle yakla\u015f\u0131yorum.<\/p>\n<p data-start=\"1472\" data-end=\"1579\">Ayr\u0131ca bu blogu, \u00f6zellikle a\u015fa\u011f\u0131daki gibi konularda i\u00e7g\u00f6r\u00fcleri ve pratik \u00e7er\u00e7eveleri payla\u015fmak i\u00e7in bir alan olarak kullan\u0131yorum:<\/p>\n<ul data-start=\"1580\" data-end=\"1721\">\n<li data-start=\"1580\" data-end=\"1607\">\n<p data-start=\"1582\" data-end=\"1607\">D\u00f6n\u00fc\u015f\u00fcm optimizasyonu<\/p>\n<\/li>\n<li data-start=\"1608\" data-end=\"1625\">\n<p data-start=\"1610\" data-end=\"1625\">Teknik SEO<\/p>\n<\/li>\n<li data-start=\"1626\" data-end=\"1655\">\n<p data-start=\"1628\" data-end=\"1655\">E-ticaret altyap\u0131s\u0131<\/p>\n<\/li>\n<li data-start=\"1656\" data-end=\"1683\">\n<p data-start=\"1658\" data-end=\"1683\">\u00d6zel yolculuk olu\u015fturucular<\/p>\n<\/li>\n<li data-start=\"1684\" data-end=\"1721\">\n<p data-start=\"1686\" data-end=\"1721\">E-posta otomasyonu ve potansiyel m\u00fc\u015fteri yeti\u015ftirme<\/p>\n<\/li>\n<\/ul>\n<p data-start=\"1723\" data-end=\"1939\">Teknolojinin, niyetle ve a\u00e7\u0131kl\u0131kla kullan\u0131ld\u0131\u011f\u0131nda, sadece i\u015fletmeler i\u00e7in de\u011fil, insanlar i\u00e7in de s\u0131n\u0131rs\u0131z olas\u0131l\u0131klar\u0131n kilidini a\u00e7t\u0131\u011f\u0131na inan\u0131yorum. Karma\u015f\u0131k olan\u0131 anla\u015f\u0131l\u0131r k\u0131lmak ve dijital d\u00fcnyay\u0131 daha insani hale getirmek i\u00e7in buraday\u0131m.<\/p>\n<p data-start=\"1941\" data-end=\"2074\">Dijital sorun \u00e7\u00f6zmeye nas\u0131l yakla\u015ft\u0131\u011f\u0131m\u0131 merak ediyorsan\u0131z veya bir sonraki projenizde destek ar\u0131yorsan\u0131z, sizden haber almak isterim.<\/p>","protected":false},"excerpt":{"rendered":"<p>Hi, I\u2019m Hasan G\u00fcltekin \u2014 a Digital Tech Developer Specialist with over 14 years of hands-on experience in web technologies, marketing automation, and technical optimization. My journey into tech began in the early 2000s, when a 56k modem connected me to a world I\u2019ve never stopped exploring. Since then, I\u2019ve built a career that bridges the gap between technology and marketing, turning complex systems into high-performing digital experiences. Throughout my career, I\u2019ve worked across a wide range of disciplines including: Web development &amp; infrastructure (Magento, WordPress, WooCommerce, Opencart) Digital marketing &amp; CRO (SEO, Google Ads, Mailchimp, Meta Ads) Automation &amp; analytics (GA4, GTM, Marketo, custom-built journey systems) Programming &amp; technical implementation (PHP, JavaScript, HTML\/CSS) DevOps &amp; performance optimization (Linux server tuning, caching, CDN, GTMetrix\/Core Web Vitals) I take pride in building scalable systems that not only function well\u2014but also convert better. Whether it\u2019s optimizing a Magento checkout flow, designing automation in Marketo, or improving funnel tracking with GA4, I approach every challenge with a solution-oriented mindset. I also use this blog as a space to share insights and practical frameworks\u2014especially around topics like: Conversion optimization Technical SEO E-commerce infrastructure Custom journey builders Email automation and lead nurturing I believe that [&hellip;]<\/p>","protected":false},"author":1,"featured_media":0,"parent":0,"menu_order":0,"comment_status":"closed","ping_status":"closed","template":"","meta":{"_mi_skip_tracking":false,"footnotes":""},"class_list":["post-44","page","type-page","status-publish","hentry"],"_links":{"self":[{"href":"https:\/\/www.hasangultekin.com\/tr\/wp-json\/wp\/v2\/pages\/44","targetHints":{"allow":["GET"]}}],"collection":[{"href":"https:\/\/www.hasangultekin.com\/tr\/wp-json\/wp\/v2\/pages"}],"about":[{"href":"https:\/\/www.hasangultekin.com\/tr\/wp-json\/wp\/v2\/types\/page"}],"author":[{"embeddable":true,"href":"https:\/\/www.hasangultekin.com\/tr\/wp-json\/wp\/v2\/users\/1"}],"replies":[{"embeddable":true,"href":"https:\/\/www.hasangultekin.com\/tr\/wp-json\/wp\/v2\/comments?post=44"}],"version-history":[{"count":9,"href":"https:\/\/www.hasangultekin.com\/tr\/wp-json\/wp\/v2\/pages\/44\/revisions"}],"predecessor-version":[{"id":766,"href":"https:\/\/www.hasangultekin.com\/tr\/wp-json\/wp\/v2\/pages\/44\/revisions\/766"}],"wp:attachment":[{"href":"https:\/\/www.hasangultekin.com\/tr\/wp-json\/wp\/v2\/media?parent=44"}],"curies":[{"name":"wp","href":"https:\/\/api.w.org\/{rel}","templated":true}]}}